{"id":102,"date":"2016-02-22T13:01:42","date_gmt":"2016-02-22T12:01:42","guid":{"rendered":"http:\/\/www.stopviolence.ch\/previews\/?page_id=102"},"modified":"2016-09-13T15:59:14","modified_gmt":"2016-09-13T14:59:14","slug":"association","status":"publish","type":"page","link":"https:\/\/www.stopviolence.ch\/index.php\/association\/","title":{"rendered":"Association"},"content":{"rendered":"<p class=\"p1\"><span class=\"s1\">Stop Violence poursuit diff\u00e9rents objectifs qui ont tous comme d\u00e9nominateur commune de favoriser le vivre ensemble\u00a0:<\/span><\/p>\n<ul>\n<li class=\"li1\"><span class=\"s1\">promouvoir et soutenir toute action en faveur de la population et particuli\u00e8rement de la jeunesse en Gruy\u00e8re Gruy\u00e8re;<\/span><\/li>\n<li class=\"li1\"><span class=\"s1\">lutter contre la violence sous toutes ses formes et contre les incivilit\u00e9s\u00a0;<\/span><\/li>\n<li class=\"li1\"><span class=\"s1\">apporter soutien et conseil aux organisateurs de manifestation et aux personnes en exprimant le besoin.<\/span><\/li>\n<\/ul>\n<p><\/p>\n<p class=\"p1\"><span class=\"s1\">L\u2019association peut exercer toutes activit\u00e9s de nature pr\u00e9ventive et permettant de favoriser son but principal, en particulier le respect des valeurs citoyennes. Dans ce sens, elle peut effectuer des \u00e9tudes et en publier les r\u00e9sultats, intervenir aupr\u00e8s des autorit\u00e9s civiles et scolaires, voter des r\u00e9solutions, agir au plan politique, organiser des rencontres, des conf\u00e9rences et communiquer des informations. <\/span><\/p>\n","protected":false},"excerpt":{"rendered":"<p>Stop Violence poursuit diff\u00e9rents objectifs qui ont tous comme d\u00e9nominateur commune de favoriser le vivre ensemble\u00a0: promouvoir et soutenir toute action en faveur de la population et particuli\u00e8rement de la [&hellip;]<\/p>\n","protected":false},"author":1,"featured_media":600,"parent":0,"menu_order":0,"comment_status":"closed","ping_status":"closed","template":"","meta":{"_acf_changed":false,"footnotes":""},"class_list":["post-102","page","type-page","status-publish","has-post-thumbnail","hentry"],"acf":[],"_links":{"self":[{"href":"https:\/\/www.stopviolence.ch\/index.php\/wp-json\/wp\/v2\/pages\/102","targetHints":{"allow":["GET"]}}],"collection":[{"href":"https:\/\/www.stopviolence.ch\/index.php\/wp-json\/wp\/v2\/pages"}],"about":[{"href":"https:\/\/www.stopviolence.ch\/index.php\/wp-json\/wp\/v2\/types\/page"}],"author":[{"embeddable":true,"href":"https:\/\/www.stopviolence.ch\/index.php\/wp-json\/wp\/v2\/users\/1"}],"replies":[{"embeddable":true,"href":"https:\/\/www.stopviolence.ch\/index.php\/wp-json\/wp\/v2\/comments?post=102"}],"version-history":[{"count":8,"href":"https:\/\/www.stopviolence.ch\/index.php\/wp-json\/wp\/v2\/pages\/102\/revisions"}],"predecessor-version":[{"id":745,"href":"https:\/\/www.stopviolence.ch\/index.php\/wp-json\/wp\/v2\/pages\/102\/revisions\/745"}],"wp:featuredmedia":[{"embeddable":true,"href":"https:\/\/www.stopviolence.ch\/index.php\/wp-json\/wp\/v2\/media\/600"}],"wp:attachment":[{"href":"https:\/\/www.stopviolence.ch\/index.php\/wp-json\/wp\/v2\/media?parent=102"}],"curies":[{"name":"wp","href":"https:\/\/api.w.org\/{rel}","templated":true}]}}