{"id":341,"date":"2016-05-10T14:42:35","date_gmt":"2016-05-10T13:42:35","guid":{"rendered":"http:\/\/www.stopviolence.ch\/previews\/?page_id=341"},"modified":"2016-09-09T07:20:15","modified_gmt":"2016-09-09T06:20:15","slug":"charte-fair-play","status":"publish","type":"page","link":"https:\/\/www.stopviolence.ch\/index.php\/missions\/soutien-financier\/charte-fair-play\/","title":{"rendered":"Charte fair-play"},"content":{"rendered":"<p>le Panathlon Club Gruy\u00e8re et la Ville de Bulle ont d\u00e9cid\u00e9 de mener un projet conjoint par la cr\u00e9ation de ce parcours du sport (trac\u00e9 d\u2019un parcours du sport entre les diff\u00e9rents emplacements sportifs dans la Ville de Bulle et de la Tour-de-Tr\u00eame).<br \/>\nLe concept du parcours du sport est simple ! Il s\u2019int\u00e8gre dans les actions de Stop Violence (\u00e9duquer par le sport, soutenu par le PC Gruy\u00e8re), les actions de Bulle Bouge, comme parcours le jour de sa manifestation, et de guide, tout au long de l\u2019ann\u00e9e, de Sport City Tour comme parcours d\u2019exercices physiques quotidiens.<br \/>\nSon objectif est de sensibiliser la population du Sud du Canton de Fribourg \u00e0 la pratique du sport ainsi qu\u2019encourager la jeunesse \u00e0 la pratique du sport, dans le but \u00ab d\u2019\u00e9duquer par le sport \u00bb.<\/p>\n<p><a href=\"http:\/\/www.stopviolence.ch\/wp-content\/uploads\/2016\/05\/Panathlon-Club-1.pdf\">panathlon-club<\/a><\/p>\n<p>&nbsp;<\/p>\n","protected":false},"excerpt":{"rendered":"<p>le Panathlon Club Gruy\u00e8re et la Ville de Bulle ont d\u00e9cid\u00e9 de mener un projet conjoint par la cr\u00e9ation de ce parcours du sport (trac\u00e9 d\u2019un parcours du sport entre [&hellip;]<\/p>\n","protected":false},"author":1,"featured_media":0,"parent":70,"menu_order":0,"comment_status":"closed","ping_status":"closed","template":"page-action-item.php","meta":{"_acf_changed":false,"footnotes":""},"class_list":["post-341","page","type-page","status-publish","hentry"],"acf":[],"_links":{"self":[{"href":"https:\/\/www.stopviolence.ch\/index.php\/wp-json\/wp\/v2\/pages\/341","targetHints":{"allow":["GET"]}}],"collection":[{"href":"https:\/\/www.stopviolence.ch\/index.php\/wp-json\/wp\/v2\/pages"}],"about":[{"href":"https:\/\/www.stopviolence.ch\/index.php\/wp-json\/wp\/v2\/types\/page"}],"author":[{"embeddable":true,"href":"https:\/\/www.stopviolence.ch\/index.php\/wp-json\/wp\/v2\/users\/1"}],"replies":[{"embeddable":true,"href":"https:\/\/www.stopviolence.ch\/index.php\/wp-json\/wp\/v2\/comments?post=341"}],"version-history":[{"count":8,"href":"https:\/\/www.stopviolence.ch\/index.php\/wp-json\/wp\/v2\/pages\/341\/revisions"}],"predecessor-version":[{"id":594,"href":"https:\/\/www.stopviolence.ch\/index.php\/wp-json\/wp\/v2\/pages\/341\/revisions\/594"}],"up":[{"embeddable":true,"href":"https:\/\/www.stopviolence.ch\/index.php\/wp-json\/wp\/v2\/pages\/70"}],"wp:attachment":[{"href":"https:\/\/www.stopviolence.ch\/index.php\/wp-json\/wp\/v2\/media?parent=341"}],"curies":[{"name":"wp","href":"https:\/\/api.w.org\/{rel}","templated":true}]}}