{"id":785,"date":"2024-03-09T19:26:51","date_gmt":"2024-03-09T18:26:51","guid":{"rendered":"https:\/\/www.stopviolence.ch\/?page_id=785"},"modified":"2025-02-12T16:09:21","modified_gmt":"2025-02-12T15:09:21","slug":"comite","status":"publish","type":"page","link":"https:\/\/www.stopviolence.ch\/index.php\/comite\/","title":{"rendered":"Comit\u00e9"},"content":{"rendered":"\n<p>Le comit\u00e9 de&nbsp;Stop&nbsp;Violence&nbsp;en Gruy\u00e8re se compose des personnes suivantes&nbsp;:<\/p>\n\n\n\n<div class=\"wp-block-columns is-layout-flex wp-container-core-columns-is-layout-9d6595d7 wp-block-columns-is-layout-flex\">\n<div class=\"wp-block-column is-layout-flow wp-block-column-is-layout-flow\" style=\"flex-basis:33.33%\">\n<p><strong>Pr\u00e9sident<\/strong><\/p>\n\n\n\n<p><strong>Vice-pr\u00e9sident<\/strong><\/p>\n\n\n\n<p><strong>Caissier<\/strong><\/p>\n\n\n\n<p><strong>Secr\u00e9taire<\/strong><\/p>\n\n\n\n<p><strong>Membre du comit\u00e9<\/strong><\/p>\n\n\n\n<p><strong><strong>Membre du comit\u00e9<\/strong><\/strong><\/p>\n\n\n\n<p><strong><strong>Membre du comit\u00e9<\/strong><\/strong><\/p>\n\n\n\n<p><strong><strong>Membre du comit\u00e9<\/strong><\/strong><\/p>\n\n\n\n<p><strong>Membre du comit\u00e9<\/strong><\/p>\n<\/div>\n\n\n\n<div class=\"wp-block-column is-layout-flow wp-block-column-is-layout-flow\" style=\"flex-basis:66.66%\">\n<p>Bosson Vincent, Pr\u00e9fet de la Gruy\u00e8re<\/p>\n\n\n\n<p>Pernet Pascal, Chef du service enfance-jeunesse de la Ville de Bulle<\/p>\n\n\n\n<p>Blajev Gr\u00e9gory, Notaire<\/p>\n\n\n\n<p>Loup Fran\u00e7ois, Imprimeur ind\u00e9pendant<\/p>\n\n\n\n<p>Antoniazza Marie, Responsable du secteur Choice \u00e0 REPER<\/p>\n\n\n\n<p>Lachat Clerc Martine, Directrice de Solidarit\u00e9 femmes Fribourg<\/p>\n\n\n\n<p>Moura Sophie, Directrice de l&rsquo;\u00e9cole primaire de la Cond\u00e9mine Bulle<\/p>\n\n\n\n<p>Rodriguez Jos\u00e9 Joaquin, Directeur du CO de Riaz<\/p>\n\n\n\n<p>Roth Pasquier Marie-France, Conseill\u00e8re communale Bulle, Conseill\u00e8re nationale<\/p>\n<\/div>\n<\/div>\n","protected":false},"excerpt":{"rendered":"<p>Le comit\u00e9 de&nbsp;Stop&nbsp;Violence&nbsp;en Gruy\u00e8re se compose des personnes suivantes&nbsp;: Pr\u00e9sident Vice-pr\u00e9sident Caissier Secr\u00e9taire Membre du comit\u00e9 Membre du comit\u00e9 Membre du comit\u00e9 Membre du comit\u00e9 Membre du comit\u00e9 Bosson Vincent, [&hellip;]<\/p>\n","protected":false},"author":1,"featured_media":115,"parent":0,"menu_order":0,"comment_status":"closed","ping_status":"closed","template":"","meta":{"_acf_changed":false,"footnotes":""},"class_list":["post-785","page","type-page","status-publish","has-post-thumbnail","hentry"],"acf":[],"_links":{"self":[{"href":"https:\/\/www.stopviolence.ch\/index.php\/wp-json\/wp\/v2\/pages\/785","targetHints":{"allow":["GET"]}}],"collection":[{"href":"https:\/\/www.stopviolence.ch\/index.php\/wp-json\/wp\/v2\/pages"}],"about":[{"href":"https:\/\/www.stopviolence.ch\/index.php\/wp-json\/wp\/v2\/types\/page"}],"author":[{"embeddable":true,"href":"https:\/\/www.stopviolence.ch\/index.php\/wp-json\/wp\/v2\/users\/1"}],"replies":[{"embeddable":true,"href":"https:\/\/www.stopviolence.ch\/index.php\/wp-json\/wp\/v2\/comments?post=785"}],"version-history":[{"count":5,"href":"https:\/\/www.stopviolence.ch\/index.php\/wp-json\/wp\/v2\/pages\/785\/revisions"}],"predecessor-version":[{"id":857,"href":"https:\/\/www.stopviolence.ch\/index.php\/wp-json\/wp\/v2\/pages\/785\/revisions\/857"}],"wp:featuredmedia":[{"embeddable":true,"href":"https:\/\/www.stopviolence.ch\/index.php\/wp-json\/wp\/v2\/media\/115"}],"wp:attachment":[{"href":"https:\/\/www.stopviolence.ch\/index.php\/wp-json\/wp\/v2\/media?parent=785"}],"curies":[{"name":"wp","href":"https:\/\/api.w.org\/{rel}","templated":true}]}}